{"id":1299,"date":"2025-10-03T08:02:21","date_gmt":"2025-10-03T08:02:21","guid":{"rendered":"https:\/\/omcport.com\/dev\/eurogranite\/privacy-policy\/"},"modified":"2025-10-07T07:32:59","modified_gmt":"2025-10-07T07:32:59","slug":"politique-de-confidentialite","status":"publish","type":"page","link":"https:\/\/eurogranite.ca\/fr\/politique-de-confidentialite\/","title":{"rendered":"Politique de Confidentialit\u00e9"},"content":{"rendered":"\t\t<div data-elementor-type=\"wp-page\" data-elementor-id=\"1299\" class=\"elementor elementor-1299 elementor-867\" data-elementor-post-type=\"page\">\n\t\t\t\t<div class=\"elementor-element elementor-element-149fd1fa e-flex e-con-boxed e-con e-parent\" data-id=\"149fd1fa\" data-element_type=\"container\" data-settings=\"{&quot;background_background&quot;:&quot;classic&quot;}\">\n\t\t\t\t\t<div class=\"e-con-inner\">\n\t\t\t\t<div class=\"elementor-element elementor-element-ca26e0f elementor-widget elementor-widget-icon-box\" data-id=\"ca26e0f\" data-element_type=\"widget\" data-widget_type=\"icon-box.default\">\n\t\t\t\t\t\t\t<div class=\"elementor-icon-box-wrapper\">\n\n\t\t\t\n\t\t\t\t\t\t<div class=\"elementor-icon-box-content\">\n\n\t\t\t\t\t\t\t\t\t<h1 class=\"elementor-icon-box-title\">\n\t\t\t\t\t\t<span  >\n\t\t\t\t\t\t\tPOLITIQUE DE CONFIDENTIALIT\u00c9\t\t\t\t\t\t<\/span>\n\t\t\t\t\t<\/h1>\n\t\t\t\t\n\t\t\t\t\n\t\t\t<\/div>\n\t\t\t\n\t\t<\/div>\n\t\t\t\t\t\t<\/div>\n\t\t\t\t\t<\/div>\n\t\t\t\t<\/div>\n\t\t<div class=\"elementor-element elementor-element-f776c17 e-flex e-con-boxed e-con e-parent\" data-id=\"f776c17\" data-element_type=\"container\" data-settings=\"{&quot;background_background&quot;:&quot;classic&quot;}\">\n\t\t\t\t\t<div class=\"e-con-inner\">\n\t\t\t\t<div class=\"elementor-element elementor-element-62b7424 elementor-widget elementor-widget-text-editor\" data-id=\"62b7424\" data-element_type=\"widget\" data-widget_type=\"text-editor.default\">\n\t\t\t\t\t\t\t\t\t<p>Chez Eurogranite Inc., la transparence quant \u00e0 la collecte, l&rsquo;utilisation et la divulgation de vos renseignements personnels est primordiale.<\/p><p>Cette politique de confidentialit\u00e9 (la \u00ab\u00a0politique\u00a0\u00bb) vise \u00e0 vous informer de nos pratiques en mati\u00e8re de traitement des informations personnelles. Nous souhaitons vous informer des finalit\u00e9s et des m\u00e9thodes de collecte de vos renseignements personnels, ainsi que de leur conservation et de leur utilisation.<\/p><p>Pour toute question concernant cette politique ou nos pratiques en mati\u00e8re de traitement de vos renseignements personnels, si vous souhaitez recevoir une copie de vos donn\u00e9es personnelles ou si vous souhaitez leur suppression, vous pouvez nous contacter aux coordonn\u00e9es suivantes\u00a0:<\/p><p><strong>Responsable des renseignements personnels<\/strong><\/p><p><span data-teams=\"true\">Chelsea Vida<\/span><br \/>514-325-6886 <br \/>info@eurogranite.ca <br \/>7215 rue Etienne-Volant, Montreal<br \/>Quebec H1E 3H6<\/p><p>L&rsquo;adresse de notre site Web est :\u00a0\u00a0<a href=\"https:\/\/eurogranite.ca\">https:\/\/eurogranite.ca<\/a><\/p><h3>Commentaires<\/h3><p>Lorsque vous laissez un commentaire sur notre site Web, les donn\u00e9es saisies dans le formulaire, ainsi que votre adresse IP et l&rsquo;agent utilisateur de votre navigateur, sont recueillies pour nous aider \u00e0 d\u00e9tecter les commentaires ind\u00e9sirables.<\/p><h3>Transmission de donn\u00e9es et m\u00e9dias personnels ou confidentiels<\/h3><p>Si vous t\u00e9l\u00e9chargez des images sur notre site Web, nous vous conseillons d&rsquo;\u00e9viter celles contenant des coordonn\u00e9es GPS dans leurs donn\u00e9es EXIF. Les visiteurs de ce site Web peuvent t\u00e9l\u00e9charger et extraire des donn\u00e9es de localisation \u00e0 partir de ces images.<\/p><h3>T\u00e9moins<\/h3><p>Si vous r\u00e9servez une conf\u00e9rence Zoom sur notre site, vous aurez la possibilit\u00e9 d&rsquo;enregistrer votre nom, votre adresse courriel et votre adresse postale dans des cookies. Ceci vise uniquement \u00e0 vous simplifier la vie et \u00e0 vous \u00e9viter d&rsquo;avoir \u00e0 les saisir \u00e0 nouveau lors d&rsquo;une nouvelle prise de rendez-vous. Ces t\u00e9moins expirent apr\u00e8s un an.<\/p><p>Si vous entrez des renseignements personnels pour prendre rendez-vous, ces donn\u00e9es seront enregistr\u00e9es dans notre syst\u00e8me d\u00e9crit ci-dessous afin que nous puissions vous recontacter dans les jours suivant votre demande. Dans le cas o\u00f9 aucun rendez-vous n&rsquo;est pris avec l&rsquo;un des membres de notre \u00e9quipe, les donn\u00e9es sont conserv\u00e9es dans le m\u00eame syst\u00e8me pour une dur\u00e9e ind\u00e9termin\u00e9e, au cas o\u00f9 vous nous recontacteriez \u00e9ventuellement pour un autre rendez-vous.<\/p><h3>Contenu int\u00e9gr\u00e9 provenant d&rsquo;autres sites Web<\/h3><p>Les articles de ce site peuvent inclure du contenu int\u00e9gr\u00e9 (par exemple, des vid\u00e9os, des images, des articles, etc.). Le contenu int\u00e9gr\u00e9 provenant d&rsquo;autres sites Web se comporte de la m\u00eame mani\u00e8re que si le visiteur se rendait sur cet autre site.<\/p><p>Ces sites Web peuvent recueillir des donn\u00e9es vous concernant, utiliser des t\u00e9moins, installer des outils de suivi tiers ou suivre vos interactions avec le contenu int\u00e9gr\u00e9 si vous poss\u00e9dez un compte et \u00eates connect\u00e9 \u00e0 leur site.<\/p><h3>Avec qui partageons-nous vos donn\u00e9es\u00a0?<\/h3><p>Nous ne partageons aucune donn\u00e9e avec des partenaires, fournisseurs ou autres, sauf si nous vous ouvrons un compte avec votre accord.<\/p><h3>O\u00f9 vos donn\u00e9es sont-elles stock\u00e9es\u00a0?<\/h3><p>Nous ne conservons aucune donn\u00e9e prot\u00e9g\u00e9e m\u00e9dicalement (comme les num\u00e9ros d&rsquo;assurance sociale, d&rsquo;assurance maladie ou de carte de cr\u00e9dit) et nous encourageons nos clients \u00e0 ne jamais nous transmettre de telles donn\u00e9es. Lors du paiement des factures d&rsquo;Eurogranite Inc., vos donn\u00e9es de carte de cr\u00e9dit ou bancaires seront temporairement pr\u00e9sentes sur le site Web s\u00e9curis\u00e9 Stripe ou PayPal, mais jamais dans notre environnement. Comme il est souvent n\u00e9cessaire d&rsquo;y acc\u00e9der lorsque vous \u00eates client d&rsquo;Eurogranite Inc., vos donn\u00e9es personnelles et professionnelles critiques sont stock\u00e9es dans un coffre-fort num\u00e9rique crypt\u00e9 avec un chiffrement renforc\u00e9.<\/p><p>Les autres donn\u00e9es de nos clients sont stock\u00e9es par Eurogranite Inc. aupr\u00e8s d&rsquo;une source fiable, Google Workspace. Google Workspace stocke les donn\u00e9es sur des serveurs crypt\u00e9s dans les centres de donn\u00e9es Google. Pour plus d&rsquo;informations sur les solutions que nous utilisons, veuillez cliquer sur l&rsquo;un des liens suivants pour un aper\u00e7u complet de leurs certifications et de leur conformit\u00e9\u00a0:<\/p><p>S\u00e9curit\u00e9 Google,<br \/>Certifications Google,<br \/>Stockage Google<\/p><h3>Combien de temps vos donn\u00e9es sont-elles conserv\u00e9es\u00a0?<\/h3><p>Dans le cadre de notre politique de r\u00e9tention de nos clients, les donn\u00e9es sont conserv\u00e9es ind\u00e9finiment. Cela nous permet de leur fournir une assistance rapide lorsqu&rsquo;ils en font la demande. Ces donn\u00e9es sont toutefois stock\u00e9es dans nos solutions s\u00e9curis\u00e9es.<\/p><p>Pour les utilisateurs inscrits sur notre site, nous conservons \u00e9galement les renseignements personnels fournis dans leur profil. Tous les utilisateurs peuvent consulter, modifier ou supprimer leurs renseignements personnels \u00e0 tout moment.<\/p><h3>Quels sont vos droits concernant vos donn\u00e9es\u00a0?<\/h3><p>En nous contactant \u00e0 l&rsquo;adresse <a href=\"mailto:info@eurogranite.ca\">info@eurogranite.ca<\/a>, vous pouvez demander un fichier contenant toutes les donn\u00e9es personnelles que nous d\u00e9tenons \u00e0 votre sujet, y compris celles que vous nous avez fournies. Vous pouvez \u00e9galement demander la suppression des donn\u00e9es personnelles vous concernant. Cela n&rsquo;inclut pas les donn\u00e9es conserv\u00e9es pour des raisons administratives, juridiques ou de s\u00e9curit\u00e9.<\/p>\t\t\t\t\t\t\t\t<\/div>\n\t\t\t\t\t<\/div>\n\t\t\t\t<\/div>\n\t\t\t\t<\/div>\n\t\t\n    <div class=\"xs_social_share_widget xs_share_url after_content \t\tmain_content  wslu-style-1 wslu-share-box-shaped wslu-fill-colored wslu-none wslu-share-horizontal wslu-theme-font-no wslu-main_content\">\n\n\t\t\n        <ul>\n\t\t\t        <\/ul>\n    <\/div> \n","protected":false},"excerpt":{"rendered":"<p>POLITIQUE DE CONFIDENTIALIT\u00c9 Chez Eurogranite Inc., la transparence quant \u00e0 la collecte, l&rsquo;utilisation et la divulgation de vos renseignements personnels est primordiale. Cette politique de confidentialit\u00e9 (la \u00ab\u00a0politique\u00a0\u00bb) vise \u00e0 vous informer de nos pratiques en mati\u00e8re de traitement des informations personnelles. Nous souhaitons vous informer des finalit\u00e9s et des m\u00e9thodes de collecte de vos [&hellip;]<\/p>\n","protected":false},"author":1,"featured_media":0,"parent":0,"menu_order":0,"comment_status":"closed","ping_status":"closed","template":"","meta":{"postBodyCss":"","postBodyMargin":[],"postBodyPadding":[],"postBodyBackground":{"backgroundType":"classic","gradient":""},"footnotes":""},"class_list":["post-1299","page","type-page","status-publish","hentry"],"_links":{"self":[{"href":"https:\/\/eurogranite.ca\/fr\/wp-json\/wp\/v2\/pages\/1299","targetHints":{"allow":["GET"]}}],"collection":[{"href":"https:\/\/eurogranite.ca\/fr\/wp-json\/wp\/v2\/pages"}],"about":[{"href":"https:\/\/eurogranite.ca\/fr\/wp-json\/wp\/v2\/types\/page"}],"author":[{"embeddable":true,"href":"https:\/\/eurogranite.ca\/fr\/wp-json\/wp\/v2\/users\/1"}],"replies":[{"embeddable":true,"href":"https:\/\/eurogranite.ca\/fr\/wp-json\/wp\/v2\/comments?post=1299"}],"version-history":[{"count":7,"href":"https:\/\/eurogranite.ca\/fr\/wp-json\/wp\/v2\/pages\/1299\/revisions"}],"predecessor-version":[{"id":1312,"href":"https:\/\/eurogranite.ca\/fr\/wp-json\/wp\/v2\/pages\/1299\/revisions\/1312"}],"wp:attachment":[{"href":"https:\/\/eurogranite.ca\/fr\/wp-json\/wp\/v2\/media?parent=1299"}],"curies":[{"name":"wp","href":"https:\/\/api.w.org\/{rel}","templated":true}]}}