{"id":1281,"date":"2025-10-02T06:47:10","date_gmt":"2025-10-02T06:47:10","guid":{"rendered":"https:\/\/omcport.com\/dev\/eurogranite\/news\/"},"modified":"2025-10-06T11:38:32","modified_gmt":"2025-10-06T11:38:32","slug":"nouvelles","status":"publish","type":"page","link":"https:\/\/eurogranite.ca\/fr\/nouvelles\/","title":{"rendered":"Nouvelles"},"content":{"rendered":"\t\t<div data-elementor-type=\"wp-page\" data-elementor-id=\"1281\" class=\"elementor elementor-1281 elementor-384\" data-elementor-post-type=\"page\">\n\t\t\t\t<div class=\"elementor-element elementor-element-6cdf5ed e-flex e-con-boxed e-con e-parent\" data-id=\"6cdf5ed\" data-element_type=\"container\" data-settings=\"{&quot;background_background&quot;:&quot;classic&quot;}\">\n\t\t\t\t\t<div class=\"e-con-inner\">\n\t\t\t\t<div class=\"elementor-element elementor-element-67b1c48e elementor-widget elementor-widget-theme-archive-title elementor-page-title elementor-widget-heading\" data-id=\"67b1c48e\" data-element_type=\"widget\" data-widget_type=\"theme-archive-title.default\">\n\t\t\t\t\t<h2 class=\"elementor-heading-title elementor-size-default\">Our Blog<\/h2>\t\t\t\t<\/div>\n\t\t\t\t\t<\/div>\n\t\t\t\t<\/div>\n\t\t<div class=\"elementor-element elementor-element-27ed3d0 e-con-full e-flex e-con e-parent\" data-id=\"27ed3d0\" data-element_type=\"container\">\n\t\t\t\t<\/div>\n\t\t<div class=\"elementor-element elementor-element-59016b3 e-flex e-con-boxed e-con e-parent\" data-id=\"59016b3\" data-element_type=\"container\" data-settings=\"{&quot;background_background&quot;:&quot;slideshow&quot;,&quot;background_slideshow_gallery&quot;:[],&quot;background_slideshow_loop&quot;:&quot;yes&quot;,&quot;background_slideshow_slide_duration&quot;:5000,&quot;background_slideshow_slide_transition&quot;:&quot;fade&quot;,&quot;background_slideshow_transition_duration&quot;:500}\">\n\t\t\t\t\t<div class=\"e-con-inner\">\n\t\t\t\t<div class=\"elementor-element elementor-element-9fc0405 elementor-widget elementor-widget-elementskit-blog-posts\" data-id=\"9fc0405\" data-element_type=\"widget\" data-widget_type=\"elementskit-blog-posts.default\">\n\t\t\t\t\t<div class=\"ekit-wid-con\" >        <div id=\"post-items--9fc0405\" class=\"row post-items\">\n                    <div class=\"col-md-12\">\n\n                                    <div class=\"elementskit-blog-block-post\">\n                        <div class=\"row no-gutters\">\n                                                            <div class=\"col-md-6 order-1\">\n                                    <a href=\"https:\/\/eurogranite.ca\/fr\/entretien-de-vos-comptoirs-en-pierre-naturelle\/\" class=\"elementskit-entry-thumb\">\n                                        <img decoding=\"async\" data-src=\"https:\/\/eurogranite.ca\/wp-content\/smush-webp\/2025\/10\/maintaining-countertops.jpg.webp\" alt=\"ENTRETIEN DE VOS COMPTOIRS EN PIERRE NATURELLE\" src=\"data:image\/svg+xml;base64,PHN2ZyB3aWR0aD0iMSIgaGVpZ2h0PSIxIiB4bWxucz0iaHR0cDovL3d3dy53My5vcmcvMjAwMC9zdmciPjwvc3ZnPg==\" class=\"lazyload\" style=\"--smush-placeholder-width: 980px; --smush-placeholder-aspect-ratio: 980\/387;\" data-smush-webp-fallback=\"{&quot;data-src&quot;:&quot;https:\\\/\\\/eurogranite.ca\\\/wp-content\\\/uploads\\\/2025\\\/10\\\/maintaining-countertops.jpg&quot;}\">\n                                    <\/a><!-- .elementskit-entry-thumb END -->\n                                <\/div>\n                            \n                            <div class=\"col-md-6 order-2\">\n                                <div class=\"elementskit-post-body \">\n                                    <div class=\"elementskit-entry-header\">\n                                        \n                                                                                            \t\t\t\t\t                                            \n                                            \n                                                                                            \t\t\t\t<h2 class=\"entry-title\">\n\t\t\t\t\t<a href=\"https:\/\/eurogranite.ca\/fr\/entretien-de-vos-comptoirs-en-pierre-naturelle\/\">\n\t\t\t\t\t\tENTRETIEN DE VOS COMPTOIRS EN PIERRE NATURELLE\t\t\t\t\t<\/a>\n\t\t\t\t<\/h2>\n\t\t\t                                                                                <\/div><!-- .elementskit-entry-header END -->\n\n                                                                            <div class=\"elementskit-post-footer\">\n                                                                                            <p>Les comptoirs en pierre naturelle apportent beaut\u00e9 et \u00e9l\u00e9gance intemporelles \u00e0 toute cuisine ou salle de bain. Que vous ayez choisi le marbre pour ses veinures classiques, le quartz pour sa durabilit\u00e9 ou le granit pour ses riches motifs naturels,\u2026<\/p>\n                                                                                                                                <\/div><!-- .elementskit-post-footer END -->\n                                                                    <\/div><!-- .elementskit-post-body END -->\n                            <\/div>\n                        <\/div>\n                    <\/div><!-- .elementskit-blog-block-post .radius .gradient-bg END -->\n                \n            <\/div>\n                    <div class=\"col-md-12\">\n\n                                    <div class=\"elementskit-blog-block-post\">\n                        <div class=\"row no-gutters\">\n                                                            <div class=\"col-md-6 order-1\">\n                                    <a href=\"https:\/\/eurogranite.ca\/fr\/8-avantages-du-carrelage-en-pierre-naturelle\/\" class=\"elementskit-entry-thumb\">\n                                        <img decoding=\"async\" data-src=\"https:\/\/eurogranite.ca\/wp-content\/smush-webp\/2025\/10\/feat2.jpg.webp\" alt=\"8 AVANTAGES DU CARRELAGE EN PIERRE NATURELLE\" src=\"data:image\/svg+xml;base64,PHN2ZyB3aWR0aD0iMSIgaGVpZ2h0PSIxIiB4bWxucz0iaHR0cDovL3d3dy53My5vcmcvMjAwMC9zdmciPjwvc3ZnPg==\" class=\"lazyload\" style=\"--smush-placeholder-width: 980px; --smush-placeholder-aspect-ratio: 980\/387;\" data-smush-webp-fallback=\"{&quot;data-src&quot;:&quot;https:\\\/\\\/eurogranite.ca\\\/wp-content\\\/uploads\\\/2025\\\/10\\\/feat2.jpg&quot;}\">\n                                    <\/a><!-- .elementskit-entry-thumb END -->\n                                <\/div>\n                            \n                            <div class=\"col-md-6 order-2\">\n                                <div class=\"elementskit-post-body \">\n                                    <div class=\"elementskit-entry-header\">\n                                        \n                                                                                            \t\t\t\t\t                                            \n                                            \n                                                                                            \t\t\t\t<h2 class=\"entry-title\">\n\t\t\t\t\t<a href=\"https:\/\/eurogranite.ca\/fr\/8-avantages-du-carrelage-en-pierre-naturelle\/\">\n\t\t\t\t\t\t8 AVANTAGES DU CARRELAGE EN PIERRE NATURELLE\t\t\t\t\t<\/a>\n\t\t\t\t<\/h2>\n\t\t\t                                                                                <\/div><!-- .elementskit-entry-header END -->\n\n                                                                            <div class=\"elementskit-post-footer\">\n                                                                                            <p>Le carrelage en pierre naturelle a beaucoup \u00e0 offrir aux propri\u00e9taires et aux dirigeants d&rsquo;entreprise exigeants. Si vous cherchez \u00e0 embellir votre maison ou votre entreprise, notamment pour la revente, la pierre naturelle est la solution id\u00e9ale. Voici 8 avantages\u2026<\/p>\n                                                                                                                                <\/div><!-- .elementskit-post-footer END -->\n                                                                    <\/div><!-- .elementskit-post-body END -->\n                            <\/div>\n                        <\/div>\n                    <\/div><!-- .elementskit-blog-block-post .radius .gradient-bg END -->\n                \n            <\/div>\n                    <div class=\"col-md-12\">\n\n                                    <div class=\"elementskit-blog-block-post\">\n                        <div class=\"row no-gutters\">\n                                                            <div class=\"col-md-6 order-1\">\n                                    <a href=\"https:\/\/eurogranite.ca\/fr\/comment-choisir-un-carreau-en-pierre-veritable\/\" class=\"elementskit-entry-thumb\">\n                                        <img decoding=\"async\" data-src=\"https:\/\/eurogranite.ca\/wp-content\/smush-webp\/2025\/10\/feat3.jpg.webp\" alt=\"COMMENT CHOISIR UN CARREAU EN PIERRE V\u00c9RITABLE\" src=\"data:image\/svg+xml;base64,PHN2ZyB3aWR0aD0iMSIgaGVpZ2h0PSIxIiB4bWxucz0iaHR0cDovL3d3dy53My5vcmcvMjAwMC9zdmciPjwvc3ZnPg==\" class=\"lazyload\" style=\"--smush-placeholder-width: 980px; --smush-placeholder-aspect-ratio: 980\/387;\" data-smush-webp-fallback=\"{&quot;data-src&quot;:&quot;https:\\\/\\\/eurogranite.ca\\\/wp-content\\\/uploads\\\/2025\\\/10\\\/feat3.jpg&quot;}\">\n                                    <\/a><!-- .elementskit-entry-thumb END -->\n                                <\/div>\n                            \n                            <div class=\"col-md-6 order-2\">\n                                <div class=\"elementskit-post-body \">\n                                    <div class=\"elementskit-entry-header\">\n                                        \n                                                                                            \t\t\t\t\t                                            \n                                            \n                                                                                            \t\t\t\t<h2 class=\"entry-title\">\n\t\t\t\t\t<a href=\"https:\/\/eurogranite.ca\/fr\/comment-choisir-un-carreau-en-pierre-veritable\/\">\n\t\t\t\t\t\tCOMMENT CHOISIR UN CARREAU EN PIERRE V\u00c9RITABLE\t\t\t\t\t<\/a>\n\t\t\t\t<\/h2>\n\t\t\t                                                                                <\/div><!-- .elementskit-entry-header END -->\n\n                                                                            <div class=\"elementskit-post-footer\">\n                                                                                            <p>Vous optez pour des tuiles et l&rsquo;id\u00e9e d&rsquo;une pierre naturelle vous s\u00e9duit ? La tuile de pierre s&rsquo;int\u00e8gre dans la plupart des pi\u00e8ces de la maison, mais elle est particuli\u00e8rement appr\u00e9ci\u00e9e dans les corridors, les cuisines et les salles de\u2026<\/p>\n                                                                                                                                <\/div><!-- .elementskit-post-footer END -->\n                                                                    <\/div><!-- .elementskit-post-body END -->\n                            <\/div>\n                        <\/div>\n                    <\/div><!-- .elementskit-blog-block-post .radius .gradient-bg END -->\n                \n            <\/div>\n                    <div class=\"col-md-12\">\n\n                                    <div class=\"elementskit-blog-block-post\">\n                        <div class=\"row no-gutters\">\n                                                            <div class=\"col-md-6 order-1\">\n                                    <a href=\"https:\/\/eurogranite.ca\/fr\/la-bataille-des-comptoirs-granit-contre-quartz\/\" class=\"elementskit-entry-thumb\">\n                                        <img decoding=\"async\" data-src=\"https:\/\/eurogranite.ca\/wp-content\/smush-webp\/2025\/10\/blog4-1.jpg.webp\" alt=\"LA BATAILLE DES COMPTOIRS: GRANIT CONTRE QUARTZ\" src=\"data:image\/svg+xml;base64,PHN2ZyB3aWR0aD0iMSIgaGVpZ2h0PSIxIiB4bWxucz0iaHR0cDovL3d3dy53My5vcmcvMjAwMC9zdmciPjwvc3ZnPg==\" class=\"lazyload\" style=\"--smush-placeholder-width: 980px; --smush-placeholder-aspect-ratio: 980\/387;\" data-smush-webp-fallback=\"{&quot;data-src&quot;:&quot;https:\\\/\\\/eurogranite.ca\\\/wp-content\\\/uploads\\\/2025\\\/10\\\/blog4-1.jpg&quot;}\">\n                                    <\/a><!-- .elementskit-entry-thumb END -->\n                                <\/div>\n                            \n                            <div class=\"col-md-6 order-2\">\n                                <div class=\"elementskit-post-body \">\n                                    <div class=\"elementskit-entry-header\">\n                                        \n                                                                                            \t\t\t\t\t                                            \n                                            \n                                                                                            \t\t\t\t<h2 class=\"entry-title\">\n\t\t\t\t\t<a href=\"https:\/\/eurogranite.ca\/fr\/la-bataille-des-comptoirs-granit-contre-quartz\/\">\n\t\t\t\t\t\tLA BATAILLE DES COMPTOIRS: GRANIT CONTRE QUARTZ\t\t\t\t\t<\/a>\n\t\t\t\t<\/h2>\n\t\t\t                                                                                <\/div><!-- .elementskit-entry-header END -->\n\n                                                                            <div class=\"elementskit-post-footer\">\n                                                                                            <p>Si vous avez r\u00e9cemment achet\u00e9 de nouveaux comptoirs pour votre cuisine, vous savez pertinemment combien d&rsquo;options s&rsquo;offrent \u00e0 vous aujourd&rsquo;hui. Une \u00e9tude Houzz indique que, pour la plupart des gens, le choix se r\u00e9sume souvent au granit ou au quartz.\u2026<\/p>\n                                                                                                                                <\/div><!-- .elementskit-post-footer END -->\n                                                                    <\/div><!-- .elementskit-post-body END -->\n                            <\/div>\n                        <\/div>\n                    <\/div><!-- .elementskit-blog-block-post .radius .gradient-bg END -->\n                \n            <\/div>\n                <\/div>\n       <\/div>\t\t\t\t<\/div>\n\t\t\t\t\t<\/div>\n\t\t\t\t<\/div>\n\t\t<div class=\"elementor-element elementor-element-b0979c3 e-con-full e-flex e-con e-parent\" data-id=\"b0979c3\" data-element_type=\"container\">\n\t\t\t\t<\/div>\n\t\t\t\t<\/div>\n\t\t\n    <div class=\"xs_social_share_widget xs_share_url after_content \t\tmain_content  wslu-style-1 wslu-share-box-shaped wslu-fill-colored wslu-none wslu-share-horizontal wslu-theme-font-no wslu-main_content\">\n\n\t\t\n        <ul>\n\t\t\t        <\/ul>\n    <\/div> \n","protected":false},"excerpt":{"rendered":"<p>MAINTAINING YOUR NATURAL STONE COUNTERTOPS Natural stone countertops bring timeless beauty and elegance into any kitchen or bathroom. Whether you\u2019ve chosen marble for its classic veining, quartz for its durability, or granite for its rich natural patterns, proper care is essential to keep them looking\u2026 8 BENEFITS OF NATURAL STONE TILE Natural stone tile\u00a0has a [&hellip;]<\/p>\n","protected":false},"author":1,"featured_media":0,"parent":0,"menu_order":0,"comment_status":"closed","ping_status":"closed","template":"","meta":{"postBodyCss":"","postBodyMargin":[],"postBodyPadding":[],"postBodyBackground":{"backgroundType":"classic","gradient":""},"footnotes":""},"class_list":["post-1281","page","type-page","status-publish","hentry"],"_links":{"self":[{"href":"https:\/\/eurogranite.ca\/fr\/wp-json\/wp\/v2\/pages\/1281","targetHints":{"allow":["GET"]}}],"collection":[{"href":"https:\/\/eurogranite.ca\/fr\/wp-json\/wp\/v2\/pages"}],"about":[{"href":"https:\/\/eurogranite.ca\/fr\/wp-json\/wp\/v2\/types\/page"}],"author":[{"embeddable":true,"href":"https:\/\/eurogranite.ca\/fr\/wp-json\/wp\/v2\/users\/1"}],"replies":[{"embeddable":true,"href":"https:\/\/eurogranite.ca\/fr\/wp-json\/wp\/v2\/comments?post=1281"}],"version-history":[{"count":1,"href":"https:\/\/eurogranite.ca\/fr\/wp-json\/wp\/v2\/pages\/1281\/revisions"}],"predecessor-version":[{"id":1283,"href":"https:\/\/eurogranite.ca\/fr\/wp-json\/wp\/v2\/pages\/1281\/revisions\/1283"}],"wp:attachment":[{"href":"https:\/\/eurogranite.ca\/fr\/wp-json\/wp\/v2\/media?parent=1281"}],"curies":[{"name":"wp","href":"https:\/\/api.w.org\/{rel}","templated":true}]}}